{"id":56,"date":"2017-12-12T10:55:12","date_gmt":"2017-12-12T14:55:12","guid":{"rendered":"http:\/\/ayuntamiento.guineo\/transparencia\/?page_id=56"},"modified":"2018-06-10T09:44:10","modified_gmt":"2018-06-10T13:44:10","slug":"derechos-de-los-ciudadanos","status":"publish","type":"page","link":"https:\/\/pantoja.gob.do\/transparencia\/derechos-de-los-ciudadanos\/","title":{"rendered":"Derechos de los Ciudadanos de Pantoja"},"content":{"rendered":"<p><span style=\"font-weight: 400\">El derecho de acceso a la informaci\u00f3n gubernamental es una de las fuentes de desarrollo y fortalecimiento de la democracia representativa en tanto permite a los ciudadanos analizar, juzgar y evaluar en forma completa los actos de sus representantes, y estimula la transparencia en los actos del Gobierno y de la Administraci\u00f3n. La <\/span><b>Ley 200-04 de Libre Acceso a la Informaci\u00f3n P\u00fablica<\/b><span style=\"font-weight: 400\"> y su Reglamento de Aplicaci\u00f3n Garantizan a la ciudadan\u00eda sus derechos a:<\/span><\/p>\n<p><b>SOLICITAR. <\/b><span style=\"font-weight: 400\">Informaci\u00f3n de cualquier \u00f3rgano del Estado Dominicano.<\/span><\/p>\n<p><b>RECIBIR<\/b><span style=\"font-weight: 400\">\u00a0informaci\u00f3n completa, veraz, adecuada y oportuna de cualquier \u00f3rgano del Estado Dominicano.<\/span><\/p>\n<p><b>ACCEDER<\/b><span style=\"font-weight: 400\">\u00a0de forma gratuita a la informaci\u00f3n, en tanto que no requiera reproducci\u00f3n de la misma. (Copias)<\/span><\/p>\n<p><b>SOLICITAR, RECIBIR y DIFUNDIR<\/b><span style=\"font-weight: 400\">\u00a0informaciones pertenecientes a la administraci\u00f3n de la Junta del Distrito Municipal de Pantoja.<\/span><\/p>\n<p><b>CONOCER<\/b><span style=\"font-weight: 400\">\u00a0los proyectos de reglamentos y otras disposiciones de car\u00e1cter general que rigen las relaciones entre los particulares y la administraci\u00f3n.<\/span><\/p>\n<p><b>OPINAR<\/b><span style=\"font-weight: 400\">\u00a0sobre los proyectos de reglamentos y otras disposiciones de car\u00e1cter general que rigen las relaciones entre los particulares y la administraci\u00f3n de la Junta del Distrito Municipal de Pantoja.<\/span><\/p>\n<p><b>OBTENER<\/b><span style=\"font-weight: 400\">\u00a0informaci\u00f3n sobre los servicios que ofrece de la Junta del Distrito Municipal de Pantoja y sus tarifas.<\/span><\/p>\n<p><b>SABER<\/b><span style=\"font-weight: 400\">\u00a0sobre la estructura, integrantes, normativas de funcionamiento, proyectos, informes de gesti\u00f3n, y bases de datos de la administraci\u00f3n de la Junta del Distrito Municipal de Pantoja.<\/span><\/p>\n<p><b>CONOCER<\/b><span style=\"font-weight: 400\">\u00a0sobre los presupuestos y c\u00e1lculos de recursos y gastos aprobados, su evoluci\u00f3n y estado de ejecuci\u00f3n de la Junta del Distrito Municipal de Pantoja.<\/span><\/p>\n<p><b>TENER<\/b><span style=\"font-weight: 400\">\u00a0informaci\u00f3n sobre los programas y proyectos, presupuestos, plazos, ejecuci\u00f3n y supervisi\u00f3n de la Junta del Distrito Municipal de Pantoja.<\/span><\/p>\n<p><b>ESTAR AL TANTO<\/b><span style=\"font-weight: 400\">\u00a0sobre las licitaciones, concursos, compras, gastos y resultados de la Junta del Distrito Municipal de Pantoja.<\/span><\/p>\n<p><b>ACCEDER<\/b><span style=\"font-weight: 400\">\u00a0a la n\u00f3mina de la Junta del Distrito Municipal de Pantoja y sus remuneraciones.<\/span><\/p>\n<p><b>CONOCER<\/b><span style=\"font-weight: 400\">\u00a0la declaraci\u00f3n jurada patrimonial de los funcionarios de la Junta del Distrito Municipal de Pantoja.<\/span><\/p>\n<p><b>RECIBIR<\/b><span style=\"font-weight: 400\">\u00a0informaci\u00f3n sobre el listado de BENEFICIARIOS, subsidios, becas, jubilaciones, pensiones y retiros de la Junta del Distrito Municipal de Pantoja.<\/span><\/p>\n<p><b>SABER<\/b><span style=\"font-weight: 400\">\u00a0sobre el estado de cuentas de la deuda de la Junta del Distrito Municipal de Pantoja, sus vencimientos y pagos.<\/span><\/p>\n<p><b>BUSCAR<\/b><span style=\"font-weight: 400\">\u00a0las leyes, decretos, resoluciones, disposiciones, marcos regulatorios y cualquier tipo de normativa.<\/span><\/p>\n<p><b>SOLICITAR Y RECIBIR<\/b><span style=\"font-weight: 400\">\u00a0oportunamente cualquier tipo de documentaci\u00f3n financiera relativa al presupuesto de la Junta del Distrito Municipal de Pantoja.<\/span><\/p>\n","protected":false},"excerpt":{"rendered":"El derecho de acceso a la informaci\u00f3n gubernamental es una de las fuentes de desarrollo y fortalecimiento de la democracia representativa en tanto permite a los ciudadanos analizar, juzgar y evaluar en forma completa los actos de sus representantes, y estimula la transparencia en los actos del Gobierno y de la Administraci\u00f3n. La Ley 200-04&#8230;","protected":false},"author":5,"featured_media":0,"parent":0,"menu_order":0,"comment_status":"closed","ping_status":"closed","template":"","meta":[],"acf":[],"_links":{"self":[{"href":"https:\/\/pantoja.gob.do\/transparencia\/wp-json\/wp\/v2\/pages\/56"}],"collection":[{"href":"https:\/\/pantoja.gob.do\/transparencia\/wp-json\/wp\/v2\/pages"}],"about":[{"href":"https:\/\/pantoja.gob.do\/transparencia\/wp-json\/wp\/v2\/types\/page"}],"author":[{"embeddable":true,"href":"https:\/\/pantoja.gob.do\/transparencia\/wp-json\/wp\/v2\/users\/5"}],"replies":[{"embeddable":true,"href":"https:\/\/pantoja.gob.do\/transparencia\/wp-json\/wp\/v2\/comments?post=56"}],"version-history":[{"count":3,"href":"https:\/\/pantoja.gob.do\/transparencia\/wp-json\/wp\/v2\/pages\/56\/revisions"}],"predecessor-version":[{"id":558,"href":"https:\/\/pantoja.gob.do\/transparencia\/wp-json\/wp\/v2\/pages\/56\/revisions\/558"}],"wp:attachment":[{"href":"https:\/\/pantoja.gob.do\/transparencia\/wp-json\/wp\/v2\/media?parent=56"}],"curies":[{"name":"wp","href":"https:\/\/api.w.org\/{rel}","templated":true}]}}